{"id":6009,"date":"2025-02-18T15:12:40","date_gmt":"2025-02-18T14:12:40","guid":{"rendered":"https:\/\/vivai.care\/profile\/"},"modified":"2025-02-18T15:12:40","modified_gmt":"2025-02-18T14:12:40","slug":"profile","status":"publish","type":"page","link":"https:\/\/vivai.care\/en\/profile\/","title":{"rendered":"Profile"},"content":{"rendered":"<div class=\"uwp_widgets uwp_widget_profile\"><div class=\"uwp_page\"><\/div><\/div>","protected":false},"excerpt":{"rendered":"","protected":false},"author":16,"featured_media":0,"parent":0,"menu_order":0,"comment_status":"closed","ping_status":"closed","template":"","meta":{"_acf_changed":false,"footnotes":""},"class_list":["post-6009","page","type-page","status-publish","hentry"],"acf":[],"yoast_head":"<!-- This site is optimized with the Yoast SEO plugin v27.0 - https:\/\/yoast.com\/product\/yoast-seo-wordpress\/ -->\n<title>VIVAIcare - Sicher und autonom leben!<\/title>\n<meta name=\"description\" content=\"L\u00e4nger selbstst\u00e4ndig und selbstbestimmt in den eigenen vier W\u00e4nden dank VIVAIcare - dem digitalen Assistenzsystem aus Deutschland\" \/>\n<meta name=\"robots\" content=\"index, follow, max-snippet:-1, max-image-preview:large, max-video-preview:-1\" \/>\n<link rel=\"canonical\" href=\"https:\/\/vivai.care\/en\/profile\/\" \/>\n<meta property=\"og:locale\" content=\"en_US\" \/>\n<meta property=\"og:type\" content=\"article\" \/>\n<meta property=\"og:title\" content=\"VIVAIcare - Sicher und autonom leben!\" \/>\n<meta property=\"og:description\" content=\"L\u00e4nger selbstst\u00e4ndig und selbstbestimmt in den eigenen vier W\u00e4nden dank VIVAIcare - dem digitalen Assistenzsystem aus Deutschland\" \/>\n<meta property=\"og:url\" content=\"https:\/\/vivai.care\/en\/profile\/\" \/>\n<meta property=\"og:site_name\" content=\"VIVAIcare\" \/>\n<meta property=\"article:publisher\" content=\"https:\/\/www.facebook.com\/VIVAIcare\/\" \/>\n<meta property=\"og:image\" content=\"https:\/\/vivai.care\/wp-content\/uploads\/2020\/04\/VIVAIcare-Logo-transparent-150dpi.png\" \/>\n\t<meta property=\"og:image:width\" content=\"794\" \/>\n\t<meta property=\"og:image:height\" content=\"223\" \/>\n\t<meta property=\"og:image:type\" content=\"image\/png\" \/>\n<meta name=\"twitter:card\" content=\"summary_large_image\" \/>\n<script type=\"application\/ld+json\" class=\"yoast-schema-graph\">{\"@context\":\"https:\/\/schema.org\",\"@graph\":[{\"@type\":\"WebPage\",\"@id\":\"https:\/\/vivai.care\/profile\/\",\"url\":\"https:\/\/vivai.care\/profile\/\",\"name\":\"VIVAIcare - Sicher und autonom leben!\",\"isPartOf\":{\"@id\":\"https:\/\/vivai.care\/#website\"},\"datePublished\":\"2025-02-18T14:12:40+00:00\",\"description\":\"L\u00e4nger selbstst\u00e4ndig und selbstbestimmt in den eigenen vier W\u00e4nden dank VIVAIcare - dem digitalen Assistenzsystem aus Deutschland\",\"breadcrumb\":{\"@id\":\"https:\/\/vivai.care\/profile\/#breadcrumb\"},\"inLanguage\":\"en-US\",\"potentialAction\":[{\"@type\":\"ReadAction\",\"target\":[\"https:\/\/vivai.care\/profile\/\"]}]},{\"@type\":\"BreadcrumbList\",\"@id\":\"https:\/\/vivai.care\/profile\/#breadcrumb\",\"itemListElement\":[{\"@type\":\"ListItem\",\"position\":1,\"name\":\"Startseite\",\"item\":\"https:\/\/vivai.care\/\"},{\"@type\":\"ListItem\",\"position\":2,\"name\":\"Profile\"}]},{\"@type\":\"WebSite\",\"@id\":\"https:\/\/vivai.care\/#website\",\"url\":\"https:\/\/vivai.care\/\",\"name\":\"VIVAIcare\",\"description\":\"L\u00e4nger, selbstbestimmt und sicher zuhause leben!\",\"publisher\":{\"@id\":\"https:\/\/vivai.care\/#organization\"},\"alternateName\":\"VIVAIcare\",\"potentialAction\":[{\"@type\":\"SearchAction\",\"target\":{\"@type\":\"EntryPoint\",\"urlTemplate\":\"https:\/\/vivai.care\/?s={search_term_string}\"},\"query-input\":{\"@type\":\"PropertyValueSpecification\",\"valueRequired\":true,\"valueName\":\"search_term_string\"}}],\"inLanguage\":\"en-US\"},{\"@type\":\"Organization\",\"@id\":\"https:\/\/vivai.care\/#organization\",\"name\":\"VIVAIcare\",\"url\":\"https:\/\/vivai.care\/\",\"logo\":{\"@type\":\"ImageObject\",\"inLanguage\":\"en-US\",\"@id\":\"https:\/\/vivai.care\/#\/schema\/logo\/image\/\",\"url\":\"https:\/\/vivai.care\/wp-content\/uploads\/2020\/04\/VIVAIcare-Logo-transparent-150dpi.png\",\"contentUrl\":\"https:\/\/vivai.care\/wp-content\/uploads\/2020\/04\/VIVAIcare-Logo-transparent-150dpi.png\",\"width\":794,\"height\":223,\"caption\":\"VIVAIcare\"},\"image\":{\"@id\":\"https:\/\/vivai.care\/#\/schema\/logo\/image\/\"},\"sameAs\":[\"https:\/\/www.facebook.com\/VIVAIcare\/\",\"https:\/\/www.instagram.com\/vivaicare\/\",\"https:\/\/www.tiktok.com\/@vivaicare\",\"https:\/\/de.linkedin.com\/company\/vivaicare\"]}]}<\/script>\n<!-- \/ Yoast SEO plugin. -->","yoast_head_json":{"title":"VIVAIcare - Sicher und autonom leben!","description":"L\u00e4nger selbstst\u00e4ndig und selbstbestimmt in den eigenen vier W\u00e4nden dank VIVAIcare - dem digitalen Assistenzsystem aus Deutschland","robots":{"index":"index","follow":"follow","max-snippet":"max-snippet:-1","max-image-preview":"max-image-preview:large","max-video-preview":"max-video-preview:-1"},"canonical":"https:\/\/vivai.care\/en\/profile\/","og_locale":"en_US","og_type":"article","og_title":"VIVAIcare - Sicher und autonom leben!","og_description":"L\u00e4nger selbstst\u00e4ndig und selbstbestimmt in den eigenen vier W\u00e4nden dank VIVAIcare - dem digitalen Assistenzsystem aus Deutschland","og_url":"https:\/\/vivai.care\/en\/profile\/","og_site_name":"VIVAIcare","article_publisher":"https:\/\/www.facebook.com\/VIVAIcare\/","og_image":[{"width":794,"height":223,"url":"https:\/\/vivai.care\/wp-content\/uploads\/2020\/04\/VIVAIcare-Logo-transparent-150dpi.png","type":"image\/png"}],"twitter_card":"summary_large_image","schema":{"@context":"https:\/\/schema.org","@graph":[{"@type":"WebPage","@id":"https:\/\/vivai.care\/profile\/","url":"https:\/\/vivai.care\/profile\/","name":"VIVAIcare - Sicher und autonom leben!","isPartOf":{"@id":"https:\/\/vivai.care\/#website"},"datePublished":"2025-02-18T14:12:40+00:00","description":"L\u00e4nger selbstst\u00e4ndig und selbstbestimmt in den eigenen vier W\u00e4nden dank VIVAIcare - dem digitalen Assistenzsystem aus Deutschland","breadcrumb":{"@id":"https:\/\/vivai.care\/profile\/#breadcrumb"},"inLanguage":"en-US","potentialAction":[{"@type":"ReadAction","target":["https:\/\/vivai.care\/profile\/"]}]},{"@type":"BreadcrumbList","@id":"https:\/\/vivai.care\/profile\/#breadcrumb","itemListElement":[{"@type":"ListItem","position":1,"name":"Startseite","item":"https:\/\/vivai.care\/"},{"@type":"ListItem","position":2,"name":"Profile"}]},{"@type":"WebSite","@id":"https:\/\/vivai.care\/#website","url":"https:\/\/vivai.care\/","name":"VIVAIcare","description":"L\u00e4nger, selbstbestimmt und sicher zuhause leben!","publisher":{"@id":"https:\/\/vivai.care\/#organization"},"alternateName":"VIVAIcare","potentialAction":[{"@type":"SearchAction","target":{"@type":"EntryPoint","urlTemplate":"https:\/\/vivai.care\/?s={search_term_string}"},"query-input":{"@type":"PropertyValueSpecification","valueRequired":true,"valueName":"search_term_string"}}],"inLanguage":"en-US"},{"@type":"Organization","@id":"https:\/\/vivai.care\/#organization","name":"VIVAIcare","url":"https:\/\/vivai.care\/","logo":{"@type":"ImageObject","inLanguage":"en-US","@id":"https:\/\/vivai.care\/#\/schema\/logo\/image\/","url":"https:\/\/vivai.care\/wp-content\/uploads\/2020\/04\/VIVAIcare-Logo-transparent-150dpi.png","contentUrl":"https:\/\/vivai.care\/wp-content\/uploads\/2020\/04\/VIVAIcare-Logo-transparent-150dpi.png","width":794,"height":223,"caption":"VIVAIcare"},"image":{"@id":"https:\/\/vivai.care\/#\/schema\/logo\/image\/"},"sameAs":["https:\/\/www.facebook.com\/VIVAIcare\/","https:\/\/www.instagram.com\/vivaicare\/","https:\/\/www.tiktok.com\/@vivaicare","https:\/\/de.linkedin.com\/company\/vivaicare"]}]}},"_links":{"self":[{"href":"https:\/\/vivai.care\/en\/wp-json\/wp\/v2\/pages\/6009","targetHints":{"allow":["GET"]}}],"collection":[{"href":"https:\/\/vivai.care\/en\/wp-json\/wp\/v2\/pages"}],"about":[{"href":"https:\/\/vivai.care\/en\/wp-json\/wp\/v2\/types\/page"}],"author":[{"embeddable":true,"href":"https:\/\/vivai.care\/en\/wp-json\/wp\/v2\/users\/16"}],"replies":[{"embeddable":true,"href":"https:\/\/vivai.care\/en\/wp-json\/wp\/v2\/comments?post=6009"}],"version-history":[{"count":0,"href":"https:\/\/vivai.care\/en\/wp-json\/wp\/v2\/pages\/6009\/revisions"}],"wp:attachment":[{"href":"https:\/\/vivai.care\/en\/wp-json\/wp\/v2\/media?parent=6009"}],"curies":[{"name":"wp","href":"https:\/\/api.w.org\/{rel}","templated":true}]}}