{"id":6004,"date":"2025-02-18T15:12:35","date_gmt":"2025-02-18T14:12:35","guid":{"rendered":"https:\/\/vivai.care\/login\/"},"modified":"2025-02-18T15:12:35","modified_gmt":"2025-02-18T14:12:35","slug":"login","status":"publish","type":"page","link":"https:\/\/vivai.care\/en\/login\/","title":{"rendered":"Login"},"content":{"rendered":"<div class=\"uwp-login-class bsui sdel-dc2db578\" ><div class=\"uwp_page\"><div class=\"row\">\n\t<div class=\"card mx-auto container-fluid p-0 border-0\" >\n\t\t\t\t\t<div class=\"card-body\">\n\t\t\t\t<h3 class=\"card-title text-center mb-4\">Login<\/h3>\t\t\t\t<form class=\"uwp-login-form uwp_form\" method=\"post\" action=\"\">\n\n\t\t\t\t\t<div data-argument=\"username\" class=\"mb-3\" ><label for=\"username\" class=\"visually-hidden form-label\">Username or Email <span class=\"text-danger\">*<\/span><\/label><input type=\"text\"  name=\"username\"  id=\"username\"  placeholder=\"Username or Email *\"  title=\"Username or Email\"  required class=\"form-control\" ><\/div><div data-argument=\"password\" class=\"mb-3 uwp-password-wrap\" ><label for=\"password\" class=\"visually-hidden form-label\">Password <span class=\"text-danger\">*<\/span><\/label><div class=\"input-group\" ><input type=\"password\"  name=\"password\"  id=\"password\"  placeholder=\"Password *\"  title=\"Password\"  required class=\"form-control\" ><span class=\"input-group-text top-0 end-0 c-pointer px-3\" \nonclick=\"var $el = jQuery(this).find('i');$el.toggleClass('fa-eye fa-eye-slash');var $eli = jQuery(this).parent().parent().find('input');if($el.hasClass('fa-eye')){$eli.attr('type','text');}else{$eli.attr('type','password');}\"\n><i class=\"far fa-fw fa-width-fixed fa-eye-slash\"><\/i><\/span><\/div><\/div><input type=\"hidden\" name=\"redirect_to\" value=\"https:\/\/vivai.care\/en\"\/><input type=\"hidden\" name=\"uwp_login_nonce\" value=\"317661c3b6\" \/>\n\t\t\t\t\t<div class=\"uwp-remember-me custom-checkbox mb-3\">\n                        <div data-argument=\"remember_me\" class=\"mb-3\" ><div class=\"form-check\" ><input type=\"hidden\" name=\"remember_me\" value=\"0\" \/><input type=\"checkbox\"  name=\"remember_me\"  id=\"remember_me\"  value=\"forever\"  class=\"form-check-input c-pointer\" ><label for=\"remember_me\" class=\"form-check-label form-label\">Remember Me<\/label><\/div><\/div>\t\t\t\t\t<\/div>\n\n\t\t\t\t\t<button type=\"submit\"  name=\"uwp_login_submit\"  class=\"btn btn-primary w-100 text-uppercase uwp_login_submit\"  >Login<\/button>\n\n\t\t\t\t<input type=\"hidden\" name=\"trp-form-language\" value=\"en\"\/><\/form>\n\n                <div class=\"uwp-footer-links\">\n                    <div class=\"uwp-footer-link d-inline-block\">\n\t\t\t\t\t\t<a href=\"https:\/\/vivai.care\/en\/register\/\" class=\"d-block text-center mt-2 small uwp-register-link\"  rel=\"nofollow\"  >Create account<\/a>\n                    <\/div>\n                    <div class=\"uwp-footer-link float-end\">\n\t\t\t\t\t\t<a href=\"https:\/\/vivai.care\/en\/forgot\/\" class=\"d-block text-center mt-2 small uwp-forgot-password-link\"  rel=\"nofollow\"  >Forgot password?<\/a>\n                    <\/div>\n                <\/div>\n\n                <div class=\"mb-3 text-center mb-0 p-0\">\n\t\t\t\t\t                <\/div>\n\n\t\t\t<\/div>\n\t<\/div>\n<\/div>\n<\/div><\/div>","protected":false},"excerpt":{"rendered":"","protected":false},"author":16,"featured_media":0,"parent":0,"menu_order":0,"comment_status":"closed","ping_status":"closed","template":"","meta":{"_acf_changed":false,"footnotes":""},"class_list":["post-6004","page","type-page","status-publish","hentry"],"acf":[],"yoast_head":"<!-- This site is optimized with the Yoast SEO plugin v27.0 - https:\/\/yoast.com\/product\/yoast-seo-wordpress\/ -->\n<title>VIVAIcare - Sicher und autonom leben!<\/title>\n<meta name=\"description\" content=\"L\u00e4nger selbstst\u00e4ndig und selbstbestimmt in den eigenen vier W\u00e4nden dank VIVAIcare - dem digitalen Assistenzsystem aus Deutschland\" \/>\n<meta name=\"robots\" content=\"index, follow, max-snippet:-1, max-image-preview:large, max-video-preview:-1\" \/>\n<link rel=\"canonical\" href=\"https:\/\/vivai.care\/en\/login\/\" \/>\n<meta property=\"og:locale\" content=\"en_US\" \/>\n<meta property=\"og:type\" content=\"article\" \/>\n<meta property=\"og:title\" content=\"VIVAIcare - Sicher und autonom leben!\" \/>\n<meta property=\"og:description\" content=\"L\u00e4nger selbstst\u00e4ndig und selbstbestimmt in den eigenen vier W\u00e4nden dank VIVAIcare - dem digitalen Assistenzsystem aus Deutschland\" \/>\n<meta property=\"og:url\" content=\"https:\/\/vivai.care\/en\/login\/\" \/>\n<meta property=\"og:site_name\" content=\"VIVAIcare\" \/>\n<meta property=\"article:publisher\" content=\"https:\/\/www.facebook.com\/VIVAIcare\/\" \/>\n<meta property=\"og:image\" content=\"https:\/\/vivai.care\/wp-content\/uploads\/2020\/04\/VIVAIcare-Logo-transparent-150dpi.png\" \/>\n\t<meta property=\"og:image:width\" content=\"794\" \/>\n\t<meta property=\"og:image:height\" content=\"223\" \/>\n\t<meta property=\"og:image:type\" content=\"image\/png\" \/>\n<meta name=\"twitter:card\" content=\"summary_large_image\" \/>\n<script type=\"application\/ld+json\" class=\"yoast-schema-graph\">{\"@context\":\"https:\/\/schema.org\",\"@graph\":[{\"@type\":\"WebPage\",\"@id\":\"https:\/\/vivai.care\/login\/\",\"url\":\"https:\/\/vivai.care\/login\/\",\"name\":\"VIVAIcare - Sicher und autonom leben!\",\"isPartOf\":{\"@id\":\"https:\/\/vivai.care\/#website\"},\"datePublished\":\"2025-02-18T14:12:35+00:00\",\"description\":\"L\u00e4nger selbstst\u00e4ndig und selbstbestimmt in den eigenen vier W\u00e4nden dank VIVAIcare - dem digitalen Assistenzsystem aus Deutschland\",\"breadcrumb\":{\"@id\":\"https:\/\/vivai.care\/login\/#breadcrumb\"},\"inLanguage\":\"en-US\",\"potentialAction\":[{\"@type\":\"ReadAction\",\"target\":[\"https:\/\/vivai.care\/login\/\"]}]},{\"@type\":\"BreadcrumbList\",\"@id\":\"https:\/\/vivai.care\/login\/#breadcrumb\",\"itemListElement\":[{\"@type\":\"ListItem\",\"position\":1,\"name\":\"Startseite\",\"item\":\"https:\/\/vivai.care\/\"},{\"@type\":\"ListItem\",\"position\":2,\"name\":\"Login\"}]},{\"@type\":\"WebSite\",\"@id\":\"https:\/\/vivai.care\/#website\",\"url\":\"https:\/\/vivai.care\/\",\"name\":\"VIVAIcare\",\"description\":\"L\u00e4nger, selbstbestimmt und sicher zuhause leben!\",\"publisher\":{\"@id\":\"https:\/\/vivai.care\/#organization\"},\"alternateName\":\"VIVAIcare\",\"potentialAction\":[{\"@type\":\"SearchAction\",\"target\":{\"@type\":\"EntryPoint\",\"urlTemplate\":\"https:\/\/vivai.care\/?s={search_term_string}\"},\"query-input\":{\"@type\":\"PropertyValueSpecification\",\"valueRequired\":true,\"valueName\":\"search_term_string\"}}],\"inLanguage\":\"en-US\"},{\"@type\":\"Organization\",\"@id\":\"https:\/\/vivai.care\/#organization\",\"name\":\"VIVAIcare\",\"url\":\"https:\/\/vivai.care\/\",\"logo\":{\"@type\":\"ImageObject\",\"inLanguage\":\"en-US\",\"@id\":\"https:\/\/vivai.care\/#\/schema\/logo\/image\/\",\"url\":\"https:\/\/vivai.care\/wp-content\/uploads\/2020\/04\/VIVAIcare-Logo-transparent-150dpi.png\",\"contentUrl\":\"https:\/\/vivai.care\/wp-content\/uploads\/2020\/04\/VIVAIcare-Logo-transparent-150dpi.png\",\"width\":794,\"height\":223,\"caption\":\"VIVAIcare\"},\"image\":{\"@id\":\"https:\/\/vivai.care\/#\/schema\/logo\/image\/\"},\"sameAs\":[\"https:\/\/www.facebook.com\/VIVAIcare\/\",\"https:\/\/www.instagram.com\/vivaicare\/\",\"https:\/\/www.tiktok.com\/@vivaicare\",\"https:\/\/de.linkedin.com\/company\/vivaicare\"]}]}<\/script>\n<!-- \/ Yoast SEO plugin. -->","yoast_head_json":{"title":"VIVAIcare - Sicher und autonom leben!","description":"L\u00e4nger selbstst\u00e4ndig und selbstbestimmt in den eigenen vier W\u00e4nden dank VIVAIcare - dem digitalen Assistenzsystem aus Deutschland","robots":{"index":"index","follow":"follow","max-snippet":"max-snippet:-1","max-image-preview":"max-image-preview:large","max-video-preview":"max-video-preview:-1"},"canonical":"https:\/\/vivai.care\/en\/login\/","og_locale":"en_US","og_type":"article","og_title":"VIVAIcare - Sicher und autonom leben!","og_description":"L\u00e4nger selbstst\u00e4ndig und selbstbestimmt in den eigenen vier W\u00e4nden dank VIVAIcare - dem digitalen Assistenzsystem aus Deutschland","og_url":"https:\/\/vivai.care\/en\/login\/","og_site_name":"VIVAIcare","article_publisher":"https:\/\/www.facebook.com\/VIVAIcare\/","og_image":[{"width":794,"height":223,"url":"https:\/\/vivai.care\/wp-content\/uploads\/2020\/04\/VIVAIcare-Logo-transparent-150dpi.png","type":"image\/png"}],"twitter_card":"summary_large_image","schema":{"@context":"https:\/\/schema.org","@graph":[{"@type":"WebPage","@id":"https:\/\/vivai.care\/login\/","url":"https:\/\/vivai.care\/login\/","name":"VIVAIcare - Sicher und autonom leben!","isPartOf":{"@id":"https:\/\/vivai.care\/#website"},"datePublished":"2025-02-18T14:12:35+00:00","description":"L\u00e4nger selbstst\u00e4ndig und selbstbestimmt in den eigenen vier W\u00e4nden dank VIVAIcare - dem digitalen Assistenzsystem aus Deutschland","breadcrumb":{"@id":"https:\/\/vivai.care\/login\/#breadcrumb"},"inLanguage":"en-US","potentialAction":[{"@type":"ReadAction","target":["https:\/\/vivai.care\/login\/"]}]},{"@type":"BreadcrumbList","@id":"https:\/\/vivai.care\/login\/#breadcrumb","itemListElement":[{"@type":"ListItem","position":1,"name":"Startseite","item":"https:\/\/vivai.care\/"},{"@type":"ListItem","position":2,"name":"Login"}]},{"@type":"WebSite","@id":"https:\/\/vivai.care\/#website","url":"https:\/\/vivai.care\/","name":"VIVAIcare","description":"L\u00e4nger, selbstbestimmt und sicher zuhause leben!","publisher":{"@id":"https:\/\/vivai.care\/#organization"},"alternateName":"VIVAIcare","potentialAction":[{"@type":"SearchAction","target":{"@type":"EntryPoint","urlTemplate":"https:\/\/vivai.care\/?s={search_term_string}"},"query-input":{"@type":"PropertyValueSpecification","valueRequired":true,"valueName":"search_term_string"}}],"inLanguage":"en-US"},{"@type":"Organization","@id":"https:\/\/vivai.care\/#organization","name":"VIVAIcare","url":"https:\/\/vivai.care\/","logo":{"@type":"ImageObject","inLanguage":"en-US","@id":"https:\/\/vivai.care\/#\/schema\/logo\/image\/","url":"https:\/\/vivai.care\/wp-content\/uploads\/2020\/04\/VIVAIcare-Logo-transparent-150dpi.png","contentUrl":"https:\/\/vivai.care\/wp-content\/uploads\/2020\/04\/VIVAIcare-Logo-transparent-150dpi.png","width":794,"height":223,"caption":"VIVAIcare"},"image":{"@id":"https:\/\/vivai.care\/#\/schema\/logo\/image\/"},"sameAs":["https:\/\/www.facebook.com\/VIVAIcare\/","https:\/\/www.instagram.com\/vivaicare\/","https:\/\/www.tiktok.com\/@vivaicare","https:\/\/de.linkedin.com\/company\/vivaicare"]}]}},"_links":{"self":[{"href":"https:\/\/vivai.care\/en\/wp-json\/wp\/v2\/pages\/6004","targetHints":{"allow":["GET"]}}],"collection":[{"href":"https:\/\/vivai.care\/en\/wp-json\/wp\/v2\/pages"}],"about":[{"href":"https:\/\/vivai.care\/en\/wp-json\/wp\/v2\/types\/page"}],"author":[{"embeddable":true,"href":"https:\/\/vivai.care\/en\/wp-json\/wp\/v2\/users\/16"}],"replies":[{"embeddable":true,"href":"https:\/\/vivai.care\/en\/wp-json\/wp\/v2\/comments?post=6004"}],"version-history":[{"count":0,"href":"https:\/\/vivai.care\/en\/wp-json\/wp\/v2\/pages\/6004\/revisions"}],"wp:attachment":[{"href":"https:\/\/vivai.care\/en\/wp-json\/wp\/v2\/media?parent=6004"}],"curies":[{"name":"wp","href":"https:\/\/api.w.org\/{rel}","templated":true}]}}