{"id":5998,"date":"2025-02-18T15:10:20","date_gmt":"2025-02-18T14:10:20","guid":{"rendered":"https:\/\/vivai.care\/location-2\/"},"modified":"2025-02-18T15:10:20","modified_gmt":"2025-02-18T14:10:20","slug":"location-2","status":"publish","type":"page","link":"https:\/\/vivai.care\/en\/location-2\/","title":{"rendered":"Location"},"content":{"rendered":"<div class=\"wp-block-geodirectory-geodir-widget-categories\"><\/div>\n\n\n\n<div class=\"wp-block-geodirectory-geodir-widget-map\"><div class=\"geodir-wgt-map bsui sdel-f9cc01b2\" ><!--START geodir-map-wrap-->\n<div class=\"geodir-map-wrap geodir-directory-map-wrap mb-4 100 300px overflow-hidden\">\n\t<div id=\"catcher_gd_map_canvas_directory\"><\/div>\n\t<!--START stick_trigger_container-->\n\t<div class=\"stick_trigger_container bsui\">\n\t\t<div class=\"trigger_sticky triggeroff_sticky mt-n5 btn btn-secondary me-n2 me-n2 c-pointer\" style=\"display: none;\">\n\t\t\t<i class=\"fas fa-map-marked-alt\"><\/i>\n\t\t\t<i class=\"fas fa-angle-right\"><\/i>\n\t\t<\/div>\n\t\t<!--end of stick trigger container-->\n\t\t<div class=\"geodir_map_container gd_map_canvas_directory bsui position-relative mw-100\"\n\t\t     id=\"sticky_map_gd_map_canvas_directory\"\n\t\t     style=\"width:100%;min-height:300px;\">\n\t\t\t<!--END map_background-->\n\t\t\t<div class=\"map_background\">\n\t\t\t\t<div class=\"top_banner_section_in clearfix\">\n\t\t\t\t\t<div class=\"gd_map_canvas_directory_TopLeft TopLeft position-absolute bg-white text-muted rounded-sm rounded-1 shadow-sm m-2 px-1 py-1 h5 c-pointer\" style=\"z-index: 3;\">\n\t\t\t\t\t\t<span class=\"triggermap\" id=\"gd_map_canvas_directory_triggermap\">\n\t\t\t\t\t\t\t<i class=\"fas fa-expand-arrows-alt fa-fw fa-width-fixed\" aria-hidden=\"true\"><\/i>\n\t\t\t\t\t\t\t<i class=\"fas fa-compress-arrows-alt fa-fw fa-width-fixed d-none\" aria-hidden=\"true\"><\/i>\n\t\t\t\t\t\t<\/span>\n\t\t\t\t\t<\/div>\n\t\t\t\t\t<div class=\"gd_map_canvas_directory_TopRight TopRight\"><\/div>\n\t\t\t\t\t<div id=\"gd_map_canvas_directory_wrapper\" class=\"main_map_wrapper\" style=\"height:300px;width:100%;\">\n\t\t\t\t\t\t<div class=\"iprelative position-relative\">\n\t\t\t\t\t\t\t<div id=\"gd_map_canvas_directory\" class=\"geodir-map-canvas\" data-map-type=\"directory\" data-map-canvas=\"gd_map_canvas_directory\" style=\"height:300px;width:100%;z-index: 0;\" ><\/div>\n\t\t\t\t\t\t\t<div id=\"gd_map_canvas_directory_loading_div\" class=\"loading_div overlay overlay-black position-absolute row m-0\" style=\"height:300px;width:100%;top:0;z-index: 2;\">\n\t\t\t\t\t\t\t\t<div class=\"spinner-border mx-auto align-self-center text-white\" role=\"status\">\n\t\t\t\t\t\t\t\t\t<span class=\"visually-hidden\">Loading&#8230;<\/span>\n\t\t\t\t\t\t\t\t<\/div>\n\t\t\t\t\t\t\t<\/div>\n\t\t\t\t\t\t\t<div id=\"gd_map_canvas_directory_map_nofound\"\n\t\t\t\t\t\t\t     class=\"advmap_nofound position-absolute row m-0 z-index-1\"\n\t\t\t\t\t\t\t     style=\"display:none;transform: translate(-50%, -50%);top:50%;left:50%;opacity: .85;pointer-events: none;\">\n\t\t\t\t\t\t\t\t<div class=\"alert alert-info text-center mx-auto align-self-center shadow-lg mb-0\">\n\t\t\t\t\t\t\t\t\t<div class='h3 alert-heading'>No Records Found<\/div><p> Sorry, no records were found. Please adjust your search criteria and try again.<\/p>\t\t\t\t\t\t\t\t<\/div>\n\t\t\t\t\t\t\t<\/div>\n\t\t\t\t\t\t\t<div id=\"gd_map_canvas_directory_map_notloaded\"\n\t\t\t\t\t\t\t     class=\"advmap_notloaded position-absolute row m-0 z-index-1\"\n\t\t\t\t\t\t\t     style=\"display:none;transform: translate(-50%, -50%);top:50%;left:50%;opacity: .85;pointer-events: none;\">\n\t\t\t\t\t\t\t\t<div class=\"alert alert-danger text-center mx-auto align-self-center shadow-lg mb-0\">\n\t\t\t\t\t\t\t\t\t<div class='h3 alert-heading'>Maps failed to load<\/div><p> Sorry, unable to load the Maps API.<\/p>\t\t\t\t\t\t\t\t<\/div>\n\t\t\t\t\t\t\t<\/div>\n\t\t\t\t\t\t<\/div>\n\t\t\t\t\t<\/div>\n\t\t\t\t\t<div class=\"gd_map_canvas_directory_BottomLeft BottomLeft\"><\/div>\n\t\t\t\t<\/div>\n\t\t\t<\/div><!--END map_background-->\n\t\t\t<!-- START cat_filter\/search_filter -->\n<div class=\"geodir-map-cat-filter-wrap position-absolute row m-0 text-light px-2 overflow-hidden z-index-1\" style=\"max-height: 100%;right:0;bottom:0;background:#000000a1;display:none;\">\n\t<div class=\"map-category-listing gd-map-cat-ptypes scrollbars-ios overflow-auto px-0\" style=\"max-height:300px;\">\n\t\t<div class=\"gd-trigger gd-triggeroff text-end text-end c-pointer\">\n\t\t\t<i class=\"fas fa-chevron-down\"><\/i>\n\t\t\t<i class=\"fas fa-sliders-h d-none\"><\/i>\n\t\t<\/div>\n\t\t<div id=\"gd_map_canvas_directory_cat\"\n\t\t     class=\"gd_map_canvas_directory_map_category map_category\"  checked='checked'\t\t     style=\"max-height:300px;\">\n\t\t\t<input type=\"search\"  name=\"search\"  id=\"gd_map_canvas_directory_search_string\"  placeholder=\"Search by name\"  title=\"hit enter to search\"  class=\"form-control form-control-sm\"  autocomplete=\"off\"  data-bs-toggle=\"tooltip\"  data-placement=\"left\"  onkeydown=\"if(event.keyCode == 13){build_map_ajax_search_param(&#039;gd_map_canvas_directory&#039;, false);}\"  style=\"box-sizing: border-box;\"  aria-label=\"Search by name\" >\n\t\t\t\t\t\t\t<input type=\"hidden\" id=\"gd_map_canvas_directory_child_collapse\" value=\"1\"\/>\n\t\t\t\t<input type=\"hidden\" id=\"gd_map_canvas_directory_cat_enabled\" value=\"1\"\/>\n\t\t\t\t<div class=\"geodir_toggle my-1\">\n\t\t\t\t\t\t\t\t\t\t<div class=\"py-2 px-1 small\"><div role=\"status\" class=\"spinner-border text-white d-inline-block align-middle\"><\/div><div class=\"ms-2 ms-2 d-inline-block align-middle\">Loading categories&#8230;<\/div><\/div>\n\t\t\t\t\t\t\t\t\t<\/div>\n\t\t\t\t\t\t<div class=\"BottomRight\"><\/div>\n\t\t<\/div>\n\t<\/div>\n<\/div><!-- END cat_filter\/search_filter -->\n\t\t<\/div>\n\t\t<style>.geodir_map_container .poi-info-window .full-width{width:180px;position:relative;margin-left:inherit;left:inherit;}.geodir-map-canvas .gm-style img{max-width:none}<\/style>\n<script type=\"text\/javascript\">\nwindow.gdBaseLat = 0;\nwindow.gdBaseLng = 0;\nwindow.gdBaseZoom = 0;\njQuery(function ($) {\n\t\t\tjQuery('#gd_map_canvas_directory').geodirLoadMap({\n\t\tmap_canvas: 'gd_map_canvas_directory',\n\t\tcallback: function() {\t\t\tvar gdMapCanvas = 'gd_map_canvas_directory';\n\t\t\tbuild_map_ajax_search_param(gdMapCanvas, true);\t\t\t\t\t\t\t\t\t\t\t\tvar screenH, heightVH, ptypeH = 0;\n\t\t\tscreenH = $(window).height();\n\t\t\theightVH = parseFloat('300');\n\t\t\tif ($(\"#\" + gdMapCanvas + \"_posttype_menu\").length) {\n\t\t\t\tptypeH = $(\"#\" + gdMapCanvas + \"_posttype_menu\").outerHeight();\n\t\t\t}\n\t\t\t$(\"#\" + gdMapCanvas + \"_cat\").css(\"max-height\", heightVH - ptypeH + 'px');\n\t\t\t\t\t}\n\t});});\n<\/script>\n\t\t\t<\/div><!--END stick_trigger_container-->\n<\/div><!--END geodir-map-wrap-->\n<style>body.stickymap_hide .stickymap{display:none!important}body.stickymap_hide .stick_trigger_container .fa-angle-right{transform:rotate(180deg)}body.body_fullscreen>.stick_trigger_container{width:100vw;height:100vh;position:fixed;z-index:50000}body.gd-google-maps .geodir-map-wrap .geodir-map-cat-filter-wrap{margin-bottom:14px!important}body.gd-osm-gmaps .geodir-map-wrap .geodir-map-cat-filter-wrap{margin-bottom:16.5px!important}<\/style>\n<\/div><\/div>\n\n\n\n<div class=\"wp-block-geodirectory-geodir-widget-search\"><div class=\"geodir-search-container bsui sdel-6b5e8662\" ><div class=\"geodir-search-form-wrapper mb-3\">\n\t<form class=\"w-100 d-block geodir-listing-search gd-search-bar-style geodir-search-show-all\" data-show=\"\" name=\"geodir-listing-search\" action=\"https:\/\/vivai.care\/en\/search-2\/\" method=\"get\" style=\"box-sizing:content-box;\" data-trp-original-action=\"https:\/\/vivai.care\/en\/search-2\/\">\n\t\t<input type=\"hidden\" name=\"geodir_search\" value=\"1\" \/>\n\t\t\n\t\t<div class=\"geodir-search row gap-2 gy-2 px-3 align-items-center\" style=\"row-gap:0!important;\">\n\t\t\t\t<input type=\"hidden\" name=\"stype\" value=\"gd_place\" data-slug=\"places\" \/><div class='gd-search-field-search col-auto flex-fill px-0' style=\"flex-grow:9999 !important;\" data-rule-key=\"s\" data-rule-type=\"text\">\n\t<div class=\"\" ><label class=\"visually-hidden form-label\">Search for<\/label><div class=\"input-group-inside position-relative w-100\" ><div class=\"input-group-text  bg-transparent border-0\"><span class=\"geodir-search-input-label hover-swap text-muted\" onclick=\"jQuery('.search_text').val('').trigger('change').trigger('keyup');\" aria-hidden=\"true\"><i class=\"fas fa-search hover-content-original\"><\/i><i class=\"fas fa-times geodir-search-input-label-clear hover-content c-pointer\" title=\"Clear field\"><\/i><\/span><\/div><input type=\"text\"  name=\"s\"  placeholder=\"Search for\"  class=\"form-control search_text gd_search_text w-100\"  onkeydown=\"if(event.keyCode == 13) geodir_click_search(this);\"  onclick=\"this.select();\"  autocomplete=\"off\"  size=\"16\"  aria-label=\"Search for\" ><\/div><\/div><\/div>\n<div class='gd-search-field-near col-auto flex-fill px-0' style=\"flex-grow:9999 !important;\" data-rule-key=\"near\" data-rule-type=\"text\">\n\t<div class=\"\" ><label class=\"visually-hidden visually-hidden form-label\">Near<\/label><div class=\"input-group-inside position-relative w-100\" ><div class=\"input-group-text  bg-transparent border-0\"><span class=\"geodir-search-input-label hover-swap text-muted\" onclick=\"jQuery('.snear').val('').trigger('change').trigger('keyup');jQuery('.sgeo_lat,.sgeo_lon').val('');\" aria-hidden=\"true\"><i class=\"fas fa-map-marker-alt hover-content-original\"><\/i><i class=\"fas fa-times geodir-search-input-label-clear hover-content c-pointer\" title=\"Clear field\"><\/i><\/span><\/div><input type=\"text\"  name=\"snear\"  placeholder=\"Near\"  class=\"form-control snear w-100\"  onkeydown=\"javascript: if(event.keyCode == 13) geodir_click_search(this);\"  onclick=\"this.select();\"  autocomplete=\"off\"  size=\"16\"  aria-label=\"Near\" ><\/div><\/div><\/div>\n<div class='gd-search-field-search col-auto flex-grow-1 px-0'>\n\t<div class=''>\n\t\t<button type=\"button\"  class=\"geodir_submit_search btn w-100 btn-primary\"  data-title=\"fas fa-search\"  aria-label=\"Search\"  ><i class=\"fas fas fa-search\" aria-hidden=\"true\"><\/i><span class=\"visually-hidden\">Search<\/span><\/button>\n\t<\/div>\n<\/div>\n\t\t<\/div>\n\t\t\t\t<input name=\"sgeo_lat\" class=\"sgeo_lat\" type=\"hidden\" value=\"\"\/>\n\t\t<input name=\"sgeo_lon\" class=\"sgeo_lon\" type=\"hidden\" value=\"\"\/>\n\t\t<div class=\"geodir-keep-args\" style=\"display:none!important\">{&#8222;hide_search_input&#8220;:false,&#8220;hide_near_input&#8220;:false,&#8220;input_size&#8220;:&#8220;&#8220;,&#8220;bar_flex_wrap&#8220;:&#8220;&#8220;,&#8220;bar_flex_wrap_md&#8220;:&#8220;&#8220;,&#8220;bar_flex_wrap_lg&#8220;:&#8220;&#8220;,&#8220;input_border&#8220;:&#8220;&#8220;,&#8220;input_border_opacity&#8220;:&#8220;&#8220;,&#8220;input_rounded_size&#8220;:&#8220;&#8220;,&#8220;btn_bg&#8220;:&#8220;&#8220;,&#8220;btn_rounded_size&#8220;:&#8220;&#8220;,&#8220;btn_rounded_size_md&#8220;:&#8220;&#8220;,&#8220;btn_rounded_size_lg&#8220;:&#8220;&#8220;,&#8220;bg&#8220;:&#8220;&#8220;,&#8220;mt&#8220;:&#8220;&#8220;,&#8220;mr&#8220;:&#8220;&#8220;,&#8220;mb&#8220;:&#8220;3&#8243;,&#8220;ml&#8220;:&#8220;&#8220;,&#8220;pt&#8220;:&#8220;&#8220;,&#8220;pr&#8220;:&#8220;&#8220;,&#8220;pb&#8220;:&#8220;&#8220;,&#8220;pl&#8220;:&#8220;&#8220;,&#8220;border&#8220;:&#8220;&#8220;,&#8220;rounded&#8220;:&#8220;&#8220;,&#8220;rounded_size&#8220;:&#8220;&#8220;,&#8220;rounded_size_md&#8220;:&#8220;&#8220;,&#8220;rounded_size_lg&#8220;:&#8220;&#8220;,&#8220;shadow&#8220;:&#8220;&#8220;,&#8220;css_class&#8220;:&#8220;&#8220;}<\/div>\t<input type=\"hidden\" name=\"trp-form-language\" value=\"en\"\/><\/form>\n<\/div>\n<\/div><\/div>\n\n\n\n<div class=\"wp-block-geodirectory-geodir-widget-listings\"><div class=\"geodir-listings bsui sdel-7ca288e8\" >\t\t<div id=\"geodir_69dadf8ff0500\" class=\"geodir_locations geodir_location_listing\t\t\t\t\t\t\t mb-3\t\t position-relative\">\n\t\t\t\t<div\n\t\tclass=\"row row-cols-1 row-cols-sm-2 geodir-category-list-view geodir-widget-posts geodir-gridview row-cols-md-2\">\n\t\t<div class=\"geodir-info d-block mx-1\">\n    <div class=\"alert alert-info\" role=\"alert\" ><i class=\"fas fa-info-circle\"><\/i> No listings were found matching your selection. Something missing? Why not <a href='https:\/\/vivai.care\/en\/add-listing\/places\/'>add a listing?<\/a>.<\/div><\/div>\n\t<\/div>\n\t\t<\/div>\n\t\t<\/div><\/div>","protected":false},"excerpt":{"rendered":"","protected":false},"author":16,"featured_media":0,"parent":0,"menu_order":0,"comment_status":"closed","ping_status":"closed","template":"","meta":{"_acf_changed":false,"footnotes":""},"class_list":["post-5998","page","type-page","status-publish","hentry"],"acf":[],"yoast_head":"<!-- This site is optimized with the Yoast SEO plugin v27.0 - https:\/\/yoast.com\/product\/yoast-seo-wordpress\/ -->\n<title>VIVAIcare - Sicher und autonom leben!<\/title>\n<meta name=\"description\" content=\"L\u00e4nger selbstst\u00e4ndig und selbstbestimmt in den eigenen vier W\u00e4nden dank VIVAIcare - dem digitalen Assistenzsystem aus Deutschland\" \/>\n<meta name=\"robots\" content=\"index, follow, max-snippet:-1, max-image-preview:large, max-video-preview:-1\" \/>\n<link rel=\"canonical\" href=\"https:\/\/vivai.care\/en\/location-2\/\" \/>\n<meta property=\"og:locale\" content=\"en_US\" \/>\n<meta property=\"og:type\" content=\"article\" \/>\n<meta property=\"og:title\" content=\"VIVAIcare - Sicher und autonom leben!\" \/>\n<meta property=\"og:description\" content=\"L\u00e4nger selbstst\u00e4ndig und selbstbestimmt in den eigenen vier W\u00e4nden dank VIVAIcare - dem digitalen Assistenzsystem aus Deutschland\" \/>\n<meta property=\"og:url\" content=\"https:\/\/vivai.care\/en\/location-2\/\" \/>\n<meta property=\"og:site_name\" content=\"VIVAIcare\" \/>\n<meta property=\"article:publisher\" content=\"https:\/\/www.facebook.com\/VIVAIcare\/\" \/>\n<meta property=\"og:image\" content=\"https:\/\/vivai.care\/wp-content\/uploads\/2020\/04\/VIVAIcare-Logo-transparent-150dpi.png\" \/>\n\t<meta property=\"og:image:width\" content=\"794\" \/>\n\t<meta property=\"og:image:height\" content=\"223\" \/>\n\t<meta property=\"og:image:type\" content=\"image\/png\" \/>\n<meta name=\"twitter:card\" content=\"summary_large_image\" \/>\n<script type=\"application\/ld+json\" class=\"yoast-schema-graph\">{\"@context\":\"https:\/\/schema.org\",\"@graph\":[{\"@type\":\"WebPage\",\"@id\":\"https:\/\/vivai.care\/location-2\/\",\"url\":\"https:\/\/vivai.care\/location-2\/\",\"name\":\"VIVAIcare - Sicher und autonom leben!\",\"isPartOf\":{\"@id\":\"https:\/\/vivai.care\/#website\"},\"datePublished\":\"2025-02-18T14:10:20+00:00\",\"description\":\"L\u00e4nger selbstst\u00e4ndig und selbstbestimmt in den eigenen vier W\u00e4nden dank VIVAIcare - dem digitalen Assistenzsystem aus Deutschland\",\"breadcrumb\":{\"@id\":\"https:\/\/vivai.care\/location-2\/#breadcrumb\"},\"inLanguage\":\"en-US\",\"potentialAction\":[{\"@type\":\"ReadAction\",\"target\":[\"https:\/\/vivai.care\/location-2\/\"]}]},{\"@type\":\"BreadcrumbList\",\"@id\":\"https:\/\/vivai.care\/location-2\/#breadcrumb\",\"itemListElement\":[{\"@type\":\"ListItem\",\"position\":1,\"name\":\"Startseite\",\"item\":\"https:\/\/vivai.care\/\"},{\"@type\":\"ListItem\",\"position\":2,\"name\":\"Location\"}]},{\"@type\":\"WebSite\",\"@id\":\"https:\/\/vivai.care\/#website\",\"url\":\"https:\/\/vivai.care\/\",\"name\":\"VIVAIcare\",\"description\":\"L\u00e4nger, selbstbestimmt und sicher zuhause leben!\",\"publisher\":{\"@id\":\"https:\/\/vivai.care\/#organization\"},\"alternateName\":\"VIVAIcare\",\"potentialAction\":[{\"@type\":\"SearchAction\",\"target\":{\"@type\":\"EntryPoint\",\"urlTemplate\":\"https:\/\/vivai.care\/?s={search_term_string}\"},\"query-input\":{\"@type\":\"PropertyValueSpecification\",\"valueRequired\":true,\"valueName\":\"search_term_string\"}}],\"inLanguage\":\"en-US\"},{\"@type\":\"Organization\",\"@id\":\"https:\/\/vivai.care\/#organization\",\"name\":\"VIVAIcare\",\"url\":\"https:\/\/vivai.care\/\",\"logo\":{\"@type\":\"ImageObject\",\"inLanguage\":\"en-US\",\"@id\":\"https:\/\/vivai.care\/#\/schema\/logo\/image\/\",\"url\":\"https:\/\/vivai.care\/wp-content\/uploads\/2020\/04\/VIVAIcare-Logo-transparent-150dpi.png\",\"contentUrl\":\"https:\/\/vivai.care\/wp-content\/uploads\/2020\/04\/VIVAIcare-Logo-transparent-150dpi.png\",\"width\":794,\"height\":223,\"caption\":\"VIVAIcare\"},\"image\":{\"@id\":\"https:\/\/vivai.care\/#\/schema\/logo\/image\/\"},\"sameAs\":[\"https:\/\/www.facebook.com\/VIVAIcare\/\",\"https:\/\/www.instagram.com\/vivaicare\/\",\"https:\/\/www.tiktok.com\/@vivaicare\",\"https:\/\/de.linkedin.com\/company\/vivaicare\"]}]}<\/script>\n<!-- \/ Yoast SEO plugin. -->","yoast_head_json":{"title":"VIVAIcare - Sicher und autonom leben!","description":"L\u00e4nger selbstst\u00e4ndig und selbstbestimmt in den eigenen vier W\u00e4nden dank VIVAIcare - dem digitalen Assistenzsystem aus Deutschland","robots":{"index":"index","follow":"follow","max-snippet":"max-snippet:-1","max-image-preview":"max-image-preview:large","max-video-preview":"max-video-preview:-1"},"canonical":"https:\/\/vivai.care\/en\/location-2\/","og_locale":"en_US","og_type":"article","og_title":"VIVAIcare - Sicher und autonom leben!","og_description":"L\u00e4nger selbstst\u00e4ndig und selbstbestimmt in den eigenen vier W\u00e4nden dank VIVAIcare - dem digitalen Assistenzsystem aus Deutschland","og_url":"https:\/\/vivai.care\/en\/location-2\/","og_site_name":"VIVAIcare","article_publisher":"https:\/\/www.facebook.com\/VIVAIcare\/","og_image":[{"width":794,"height":223,"url":"https:\/\/vivai.care\/wp-content\/uploads\/2020\/04\/VIVAIcare-Logo-transparent-150dpi.png","type":"image\/png"}],"twitter_card":"summary_large_image","schema":{"@context":"https:\/\/schema.org","@graph":[{"@type":"WebPage","@id":"https:\/\/vivai.care\/location-2\/","url":"https:\/\/vivai.care\/location-2\/","name":"VIVAIcare - Sicher und autonom leben!","isPartOf":{"@id":"https:\/\/vivai.care\/#website"},"datePublished":"2025-02-18T14:10:20+00:00","description":"L\u00e4nger selbstst\u00e4ndig und selbstbestimmt in den eigenen vier W\u00e4nden dank VIVAIcare - dem digitalen Assistenzsystem aus Deutschland","breadcrumb":{"@id":"https:\/\/vivai.care\/location-2\/#breadcrumb"},"inLanguage":"en-US","potentialAction":[{"@type":"ReadAction","target":["https:\/\/vivai.care\/location-2\/"]}]},{"@type":"BreadcrumbList","@id":"https:\/\/vivai.care\/location-2\/#breadcrumb","itemListElement":[{"@type":"ListItem","position":1,"name":"Startseite","item":"https:\/\/vivai.care\/"},{"@type":"ListItem","position":2,"name":"Location"}]},{"@type":"WebSite","@id":"https:\/\/vivai.care\/#website","url":"https:\/\/vivai.care\/","name":"VIVAIcare","description":"L\u00e4nger, selbstbestimmt und sicher zuhause leben!","publisher":{"@id":"https:\/\/vivai.care\/#organization"},"alternateName":"VIVAIcare","potentialAction":[{"@type":"SearchAction","target":{"@type":"EntryPoint","urlTemplate":"https:\/\/vivai.care\/?s={search_term_string}"},"query-input":{"@type":"PropertyValueSpecification","valueRequired":true,"valueName":"search_term_string"}}],"inLanguage":"en-US"},{"@type":"Organization","@id":"https:\/\/vivai.care\/#organization","name":"VIVAIcare","url":"https:\/\/vivai.care\/","logo":{"@type":"ImageObject","inLanguage":"en-US","@id":"https:\/\/vivai.care\/#\/schema\/logo\/image\/","url":"https:\/\/vivai.care\/wp-content\/uploads\/2020\/04\/VIVAIcare-Logo-transparent-150dpi.png","contentUrl":"https:\/\/vivai.care\/wp-content\/uploads\/2020\/04\/VIVAIcare-Logo-transparent-150dpi.png","width":794,"height":223,"caption":"VIVAIcare"},"image":{"@id":"https:\/\/vivai.care\/#\/schema\/logo\/image\/"},"sameAs":["https:\/\/www.facebook.com\/VIVAIcare\/","https:\/\/www.instagram.com\/vivaicare\/","https:\/\/www.tiktok.com\/@vivaicare","https:\/\/de.linkedin.com\/company\/vivaicare"]}]}},"_links":{"self":[{"href":"https:\/\/vivai.care\/en\/wp-json\/wp\/v2\/pages\/5998","targetHints":{"allow":["GET"]}}],"collection":[{"href":"https:\/\/vivai.care\/en\/wp-json\/wp\/v2\/pages"}],"about":[{"href":"https:\/\/vivai.care\/en\/wp-json\/wp\/v2\/types\/page"}],"author":[{"embeddable":true,"href":"https:\/\/vivai.care\/en\/wp-json\/wp\/v2\/users\/16"}],"replies":[{"embeddable":true,"href":"https:\/\/vivai.care\/en\/wp-json\/wp\/v2\/comments?post=5998"}],"version-history":[{"count":0,"href":"https:\/\/vivai.care\/en\/wp-json\/wp\/v2\/pages\/5998\/revisions"}],"wp:attachment":[{"href":"https:\/\/vivai.care\/en\/wp-json\/wp\/v2\/media?parent=5998"}],"curies":[{"name":"wp","href":"https:\/\/api.w.org\/{rel}","templated":true}]}}