{"id":175,"date":"2019-12-01T14:17:37","date_gmt":"2019-12-01T14:17:37","guid":{"rendered":"https:\/\/jupiterx.artbees.net\/smart-home\/?page_id=175"},"modified":"2024-09-17T15:18:47","modified_gmt":"2024-09-17T13:18:47","slug":"impressum","status":"publish","type":"page","link":"https:\/\/vivai.care\/en\/impressum\/","title":{"rendered":"Impressum\/ Datenschutz"},"content":{"rendered":"\t\t<div data-elementor-type=\"wp-page\" data-elementor-id=\"175\" class=\"elementor elementor-175\">\n\t\t\t\t\t\t<section class=\"elementor-section elementor-top-section elementor-element elementor-element-971ad03 elementor-section-boxed elementor-section-height-default elementor-section-height-default\" data-id=\"971ad03\" data-element_type=\"section\" data-e-type=\"section\" data-settings=\"{&quot;jet_parallax_layout_list&quot;:[{&quot;jet_parallax_layout_image&quot;:{&quot;url&quot;:&quot;&quot;,&quot;id&quot;:&quot;&quot;,&quot;size&quot;:&quot;&quot;},&quot;_id&quot;:&quot;0135e5b&quot;,&quot;jet_parallax_layout_image_tablet&quot;:{&quot;url&quot;:&quot;&quot;,&quot;id&quot;:&quot;&quot;,&quot;size&quot;:&quot;&quot;},&quot;jet_parallax_layout_image_mobile&quot;:{&quot;url&quot;:&quot;&quot;,&quot;id&quot;:&quot;&quot;,&quot;size&quot;:&quot;&quot;},&quot;jet_parallax_layout_speed&quot;:{&quot;unit&quot;:&quot;%&quot;,&quot;size&quot;:50,&quot;sizes&quot;:[]},&quot;jet_parallax_layout_type&quot;:&quot;scroll&quot;,&quot;jet_parallax_layout_direction&quot;:&quot;1&quot;,&quot;jet_parallax_layout_fx_direction&quot;:null,&quot;jet_parallax_layout_z_index&quot;:&quot;&quot;,&quot;jet_parallax_layout_bg_x&quot;:50,&quot;jet_parallax_layout_bg_x_tablet&quot;:&quot;&quot;,&quot;jet_parallax_layout_bg_x_mobile&quot;:&quot;&quot;,&quot;jet_parallax_layout_bg_y&quot;:50,&quot;jet_parallax_layout_bg_y_tablet&quot;:&quot;&quot;,&quot;jet_parallax_layout_bg_y_mobile&quot;:&quot;&quot;,&quot;jet_parallax_layout_bg_size&quot;:&quot;auto&quot;,&quot;jet_parallax_layout_bg_size_tablet&quot;:&quot;&quot;,&quot;jet_parallax_layout_bg_size_mobile&quot;:&quot;&quot;,&quot;jet_parallax_layout_animation_prop&quot;:&quot;transform&quot;,&quot;jet_parallax_layout_on&quot;:[&quot;desktop&quot;,&quot;tablet&quot;]}]}\">\n\t\t\t\t\t\t<div class=\"elementor-container elementor-column-gap-default\">\n\t\t\t\t\t<div class=\"elementor-column elementor-col-100 elementor-top-column elementor-element elementor-element-552465e\" data-id=\"552465e\" data-element_type=\"column\" data-e-type=\"column\">\n\t\t\t<div class=\"elementor-widget-wrap elementor-element-populated\">\n\t\t\t\t\t\t<div class=\"elementor-element elementor-element-ff0b233 elementor-widget elementor-widget-heading\" data-id=\"ff0b233\" data-element_type=\"widget\" data-e-type=\"widget\" data-widget_type=\"heading.default\">\n\t\t\t\t<div class=\"elementor-widget-container\">\n\t\t\t\t\t<h2 class=\"elementor-heading-title elementor-size-default\">Impressum \/ Datenschutz\n\n<\/h2>\t\t\t\t<\/div>\n\t\t\t\t<\/div>\n\t\t\t\t<div class=\"elementor-element elementor-element-bd94229 elementor-widget elementor-widget-text-editor\" data-id=\"bd94229\" data-element_type=\"widget\" data-e-type=\"widget\" data-widget_type=\"text-editor.default\">\n\t\t\t\t<div class=\"elementor-widget-container\">\n\t\t\t\t\t\t\t\t\t<p class=\"cst-shadow-1\">Pflichtangaben zum Impressum und zum Datenschutz DS-GVO<\/p>\t\t\t\t\t\t\t\t<\/div>\n\t\t\t\t<\/div>\n\t\t\t\t\t<\/div>\n\t\t<\/div>\n\t\t\t\t\t<\/div>\n\t\t<\/section>\n\t\t\t\t<section class=\"elementor-section elementor-top-section elementor-element elementor-element-474aeeb elementor-section-boxed elementor-section-height-default elementor-section-height-default\" data-id=\"474aeeb\" data-element_type=\"section\" data-e-type=\"section\" data-settings=\"{&quot;jet_parallax_layout_list&quot;:[{&quot;jet_parallax_layout_image&quot;:{&quot;url&quot;:&quot;&quot;,&quot;id&quot;:&quot;&quot;,&quot;size&quot;:&quot;&quot;},&quot;_id&quot;:&quot;09b9e4f&quot;,&quot;jet_parallax_layout_image_tablet&quot;:{&quot;url&quot;:&quot;&quot;,&quot;id&quot;:&quot;&quot;,&quot;size&quot;:&quot;&quot;},&quot;jet_parallax_layout_image_mobile&quot;:{&quot;url&quot;:&quot;&quot;,&quot;id&quot;:&quot;&quot;,&quot;size&quot;:&quot;&quot;},&quot;jet_parallax_layout_speed&quot;:{&quot;unit&quot;:&quot;%&quot;,&quot;size&quot;:50,&quot;sizes&quot;:[]},&quot;jet_parallax_layout_type&quot;:&quot;scroll&quot;,&quot;jet_parallax_layout_direction&quot;:&quot;1&quot;,&quot;jet_parallax_layout_fx_direction&quot;:null,&quot;jet_parallax_layout_z_index&quot;:&quot;&quot;,&quot;jet_parallax_layout_bg_x&quot;:50,&quot;jet_parallax_layout_bg_x_tablet&quot;:&quot;&quot;,&quot;jet_parallax_layout_bg_x_mobile&quot;:&quot;&quot;,&quot;jet_parallax_layout_bg_y&quot;:50,&quot;jet_parallax_layout_bg_y_tablet&quot;:&quot;&quot;,&quot;jet_parallax_layout_bg_y_mobile&quot;:&quot;&quot;,&quot;jet_parallax_layout_bg_size&quot;:&quot;auto&quot;,&quot;jet_parallax_layout_bg_size_tablet&quot;:&quot;&quot;,&quot;jet_parallax_layout_bg_size_mobile&quot;:&quot;&quot;,&quot;jet_parallax_layout_animation_prop&quot;:&quot;transform&quot;,&quot;jet_parallax_layout_on&quot;:[&quot;desktop&quot;,&quot;tablet&quot;]}]}\">\n\t\t\t\t\t\t<div class=\"elementor-container elementor-column-gap-default\">\n\t\t\t\t\t<div class=\"elementor-column elementor-col-50 elementor-top-column elementor-element elementor-element-76259af\" data-id=\"76259af\" data-element_type=\"column\" data-e-type=\"column\">\n\t\t\t<div class=\"elementor-widget-wrap elementor-element-populated\">\n\t\t\t\t\t\t<div class=\"elementor-element elementor-element-97d36fc elementor-widget elementor-widget-heading\" data-id=\"97d36fc\" data-element_type=\"widget\" data-e-type=\"widget\" data-widget_type=\"heading.default\">\n\t\t\t\t<div class=\"elementor-widget-container\">\n\t\t\t\t\t<h2 class=\"elementor-heading-title elementor-size-default\">Impressum<\/h2>\t\t\t\t<\/div>\n\t\t\t\t<\/div>\n\t\t\t\t<div class=\"elementor-element elementor-element-355e7fa elementor-widget elementor-widget-text-editor\" data-id=\"355e7fa\" data-element_type=\"widget\" data-e-type=\"widget\" data-widget_type=\"text-editor.default\">\n\t\t\t\t<div class=\"elementor-widget-container\">\n\t\t\t\t\t\t\t\t\t<p>Verantwortlich f\u00fcr die Inhalte der Website ist die<\/p><p>VIVAI Software AG<br \/>Betenstr. 13-15<br \/>D-44137 Dortmund<br \/>Fon : +49 231 914488-0<br \/>Fax : +49 231 914488-88<br \/>E-Mail: info@vivai.de<\/p><p>Vorstand: Thomas Horster-M\u00f6ller, Dr. Bettina Horster<br \/>Vorsitzender des Aufsichtsrats: Norbert Horster<\/p>\t\t\t\t\t\t\t\t<\/div>\n\t\t\t\t<\/div>\n\t\t\t\t\t<\/div>\n\t\t<\/div>\n\t\t\t\t<div class=\"elementor-column elementor-col-50 elementor-top-column elementor-element elementor-element-ef63506\" data-id=\"ef63506\" data-element_type=\"column\" data-e-type=\"column\">\n\t\t\t<div class=\"elementor-widget-wrap elementor-element-populated\">\n\t\t\t\t\t\t<div class=\"elementor-element elementor-element-df02512 elementor-widget elementor-widget-text-editor\" data-id=\"df02512\" data-element_type=\"widget\" data-e-type=\"widget\" data-widget_type=\"text-editor.default\">\n\t\t\t\t<div class=\"elementor-widget-container\">\n\t\t\t\t\t\t\t\t\t<p>Handelsregistereintrag:<br \/>Amtsgericht Dortmund<br \/>HRB 14851<br \/>USt-IDNr. DE 18 18 57 854<\/p><p>Gestaltung, Realisierung &amp; technischer Betrieb:<br \/>VIVAI Software AG<\/p>\t\t\t\t\t\t\t\t<\/div>\n\t\t\t\t<\/div>\n\t\t\t\t\t<\/div>\n\t\t<\/div>\n\t\t\t\t\t<\/div>\n\t\t<\/section>\n\t\t\t\t<section class=\"elementor-section elementor-top-section elementor-element elementor-element-1bd6f5a elementor-section-boxed elementor-section-height-default elementor-section-height-default\" data-id=\"1bd6f5a\" data-element_type=\"section\" data-e-type=\"section\" data-settings=\"{&quot;jet_parallax_layout_list&quot;:[{&quot;jet_parallax_layout_image&quot;:{&quot;url&quot;:&quot;&quot;,&quot;id&quot;:&quot;&quot;,&quot;size&quot;:&quot;&quot;},&quot;_id&quot;:&quot;a19083e&quot;,&quot;jet_parallax_layout_image_tablet&quot;:{&quot;url&quot;:&quot;&quot;,&quot;id&quot;:&quot;&quot;,&quot;size&quot;:&quot;&quot;},&quot;jet_parallax_layout_image_mobile&quot;:{&quot;url&quot;:&quot;&quot;,&quot;id&quot;:&quot;&quot;,&quot;size&quot;:&quot;&quot;},&quot;jet_parallax_layout_speed&quot;:{&quot;unit&quot;:&quot;%&quot;,&quot;size&quot;:50,&quot;sizes&quot;:[]},&quot;jet_parallax_layout_type&quot;:&quot;scroll&quot;,&quot;jet_parallax_layout_direction&quot;:&quot;1&quot;,&quot;jet_parallax_layout_fx_direction&quot;:null,&quot;jet_parallax_layout_z_index&quot;:&quot;&quot;,&quot;jet_parallax_layout_bg_x&quot;:50,&quot;jet_parallax_layout_bg_x_tablet&quot;:&quot;&quot;,&quot;jet_parallax_layout_bg_x_mobile&quot;:&quot;&quot;,&quot;jet_parallax_layout_bg_y&quot;:50,&quot;jet_parallax_layout_bg_y_tablet&quot;:&quot;&quot;,&quot;jet_parallax_layout_bg_y_mobile&quot;:&quot;&quot;,&quot;jet_parallax_layout_bg_size&quot;:&quot;auto&quot;,&quot;jet_parallax_layout_bg_size_tablet&quot;:&quot;&quot;,&quot;jet_parallax_layout_bg_size_mobile&quot;:&quot;&quot;,&quot;jet_parallax_layout_animation_prop&quot;:&quot;transform&quot;,&quot;jet_parallax_layout_on&quot;:[&quot;desktop&quot;,&quot;tablet&quot;]}]}\">\n\t\t\t\t\t\t<div class=\"elementor-container elementor-column-gap-default\">\n\t\t\t\t\t<div class=\"elementor-column elementor-col-50 elementor-top-column elementor-element elementor-element-5e71d5e\" data-id=\"5e71d5e\" data-element_type=\"column\" data-e-type=\"column\">\n\t\t\t<div class=\"elementor-widget-wrap elementor-element-populated\">\n\t\t\t\t\t\t<div class=\"elementor-element elementor-element-b57211d elementor-widget elementor-widget-heading\" data-id=\"b57211d\" data-element_type=\"widget\" data-e-type=\"widget\" data-widget_type=\"heading.default\">\n\t\t\t\t<div class=\"elementor-widget-container\">\n\t\t\t\t\t<h2 class=\"elementor-heading-title elementor-size-default\">Datenschutz<\/h2>\t\t\t\t<\/div>\n\t\t\t\t<\/div>\n\t\t\t\t<div class=\"elementor-element elementor-element-d35fbca elementor-widget elementor-widget-text-editor\" data-id=\"d35fbca\" data-element_type=\"widget\" data-e-type=\"widget\" data-widget_type=\"text-editor.default\">\n\t\t\t\t<div class=\"elementor-widget-container\">\n\t\t\t\t\t\t\t\t\t<p><strong>Hinweis:<\/strong><\/p><p>F\u00fcr Vollst\u00e4ndigkeit, Fehler redaktioneller und technischer Art, Auslassungen usw., sowie die Richtigkeit der Eintragungen kann keine Haftung \u00fcbernommen werden.<\/p><p>Insbesondere kann keine Gew\u00e4hr f\u00fcr die Vollst\u00e4ndigkeit und Richtigkeit von Informationen \u00fcbernommen werden, die \u00fcber weiterf\u00fchrende Links erreicht werden.<\/p><p>Anbieter sind f\u00fcr die eigenen Inhalte, die sie zur Nutzung bereithalten, nach den allgemeinen Gesetzen verantwortlich. Von diesen eigenen Inhalten sind Querverweise auf die von anderen Anbietern bereitgehaltenen Inhalte zu unterscheiden.<\/p><p>Die Verweise durch Hyperlinks auf Inhalte fremder Websites dienen lediglich der Information.<\/p><p>Die Verantwortlichkeit f\u00fcr diese fremden Inhalte liegt allein bei dem Anbieter, der die Inhalte bereith\u00e4lt. Vor dem Einrichten des entsprechenden Verweises sind die Websites der anderen Anbieter mit gro\u00dfer Sorgfalt und nach bestem Wissen und Gewissen \u00fcberpr\u00fcft worden. Es kann jedoch keine Gew\u00e4hr f\u00fcr die Vollst\u00e4ndigkeit und Richtigkeit von Informationen \u00fcbernommen werden, die \u00fcber weiterf\u00fchrende Hyperlinks erreicht werden. Der Inhalt der anderen Websites kann jederzeit ohne Wissen der VIVAI-Redaktion ge\u00e4ndert werden.<\/p><p>F\u00fcr s\u00e4mtliche Links auf diesen Seiten gilt: Wir betonen, dass wir keinen Einfluss auf die Gestaltung und die Inhalte der durch Link von unserer Homepage aus erreichbaren Seiten anderer Anbieter haben und uns deren Inhalt nicht zu eigen machen. Diese Erkl\u00e4rung gilt f\u00fcr alle Seiten dieser Homepage und die dort angebrachten Links.<\/p><p>Falls die VIVAI Software AG auf Seiten verweist, deren Inhalt Anlass zur Beanstandung gibt, bittet die Internet-Redaktion um Mitteilung.<\/p><p>Die Internet-Redaktion der VIVAI Software AG beh\u00e4lt sich das Recht vor, ohne vorherige Ank\u00fcndigung die bereitgestellten Informationen zu \u00e4ndern, zu erg\u00e4nzen oder zu entfernen.<\/p>\t\t\t\t\t\t\t\t<\/div>\n\t\t\t\t<\/div>\n\t\t\t\t\t<\/div>\n\t\t<\/div>\n\t\t\t\t<div class=\"elementor-column elementor-col-50 elementor-top-column elementor-element elementor-element-088eae5\" data-id=\"088eae5\" data-element_type=\"column\" data-e-type=\"column\">\n\t\t\t<div class=\"elementor-widget-wrap elementor-element-populated\">\n\t\t\t\t\t\t<div class=\"elementor-element elementor-element-30b77e9 elementor-widget elementor-widget-text-editor\" data-id=\"30b77e9\" data-element_type=\"widget\" data-e-type=\"widget\" data-widget_type=\"text-editor.default\">\n\t\t\t\t<div class=\"elementor-widget-container\">\n\t\t\t\t\t\t\t\t\t<p><strong>Datenschutzinformation f\u00fcr Kunden, Bewerber und Interessenten<\/strong><\/p><p><strong>Teil 1: Kunden<\/strong><\/p><p>Ab dem 25. Mai 2018 gilt auch in Deutschland die neue Datenschutzgrundverordnung (DS-GVO) der Europ\u00e4ischen Union (EU). Das neue EU-Recht schafft einen einheitlichen gesetzlichen Rahmen f\u00fcr den Datenschutz in der EU. Kern der DS-GVO ist, den Menschen die Hoheit \u00fcber ihre Daten zur\u00fcckzugeben. Dieses Anliegen ist f\u00fcr vivai.de sehr wichtig. Deshalb m\u00f6chten wir Sie dar\u00fcber informieren, wie vivai.de Ihre Daten verarbeitet. Sie als Kunde profitieren dadurch von Hinweisen auf vorteilhafte Konditionen oder attraktive Angebote. Wenn Sie dies nicht w\u00fcnschen, k\u00f6nnen Sie dieser Verarbeitung Ihrer personenbezogenen Daten jederzeit widersprechen.<\/p><p><strong>1. Kontaktdaten Verantwortlicher<\/strong><\/p><p>VIVAI Software AG, Betenstr. 13-15, 44137 Dortmund E-Mail: datenschutz@vivai.de<\/p><p><strong>2. Kontaktdaten Datenschutzbeauftragter<\/strong><\/p><p>VIVAI Software AG, Datenschutzbeauftragter, Betenstr. 13-15, 44137 Dortmund E-Mail: datenschutz@vivai.de<\/p><p><strong>3. Personenbezogene Daten<\/strong><\/p><p>Personenbezogene Daten sind Einzelangaben \u00fcber pers\u00f6nliche oder sachliche Verh\u00e4ltnisse einer bestimmten oder bestimmbaren nat\u00fcrlichen Person. Darunter fallen Informationen wie z.B. Ihr Name, Ihre Anschrift, Ihre Telefonnummer und Ihre E-Mail.<\/p><p><strong>4. Zwecke der Datenverarbeitung<\/strong><\/p><p>Der Zweck der Datenverarbeitung ist die zielgerichtete Information und Beratung \u00fcber unsere Produkte. Dies erm\u00f6glicht eine bedarfsgerechte Ermittlung Beantwortung von Kontaktanfragen und Kommunikation mit Ihnen Erf\u00fcllung eines Vertrages oder Durchf\u00fchrung vorvertraglicher Ma\u00dfnahmen (Art. 6 Abs. 1 Bst. b DSGVO) Eine Weitergabe der Daten an Dritte findet nicht statt<\/p><p><strong>5. Ihre Datenschutzrechte<\/strong><\/p><p>Sie haben das Recht, der Verwendung Ihrer Daten zum Zweck des Direktmarketings, jederzeit zu widersprechen. Zudem sind Sie berechtigt, Auskunft der bei uns \u00fcber Sie gespeicherten Daten zu beantragen, sowie bei Unrichtigkeit der Daten die Berichtigung oder bei unzul\u00e4ssiger Datenspeicherung die L\u00f6schung der Daten zu fordern. Sie k\u00f6nnen unseren Datenschutzbeauftragten unter datenschutz@vivai.de erreichen.<\/p><p><strong>Teil 2: Informationen zum Datenschutz und zur Datensicherheit auf unseren Webseiten<\/strong><\/p><p><strong>1. Haftungsbeschr\u00e4nkung<\/strong><\/p><p>Verantwortlich f\u00fcr dieses Informationsangebot ist als Herausgeber die VIVAI Software AG. Die Informationen auf dieser Website wurden mit gro\u00dfer Sorgfalt zusammengestellt. F\u00fcr die Richtigkeit und Vollst\u00e4ndigkeit kann gleichwohl keine Gew\u00e4hr \u00fcbernommen werden. Aus diesem Grund ist jegliche Haftung f\u00fcr eventuelle Sch\u00e4den im Zusammenhang mit der Nutzung des Informationsangebots ausgeschlossen. Durch die blo\u00dfe Nutzung dieser Website kommt keinerlei Vertragsverh\u00e4ltnis zwischen Nutzer und Herausgeber zustande.<\/p><p><strong>2. Hinweis zum Urheberrecht<\/strong><\/p><p>Der gesamte Inhalt dieser Website unterliegt dem Urheberrecht. Unerlaubte Verwendung, Reproduktion oder Wiedergabe des Inhalts oder von Teilen des Inhalts ist untersagt. Wegen einer Erlaubnis zur Nutzung des Inhalts wenden Sie sich bitte an den Herausgeber.<\/p><p><strong>3. Hinweis zu externen Links<\/strong><\/p><p>Soweit von dieser Website auf andere Websites Links gelegt sind, wird darauf hingewiesen, dass keinerlei Einfluss auf die Gestaltung und die Inhalte der gelinkten Seiten besteht und sich deren Inhalt nicht zu Eigen gemacht wird. Dies gilt f\u00fcr alle auf dieser Seite ausgebrachten externen Links und f\u00fcr alle Inhalte der Seiten, zu denen Werbemittel (z.B. Banner, Textanzeigen, Videoanzeigen) f\u00fchren. F\u00fcr verlinkte Seiten gilt, dass rechtswidrige Inhalte zum Zeitpunkt der Verlinkung nicht erkennbar waren. Die Links werden regelm\u00e4\u00dfig auf rechtswidrige Inhalte \u00fcberpr\u00fcft und bei Rechtsverletzungen unverz\u00fcglich entfernt.<\/p><p><strong>4. Hinweis zum Datenschutz<\/strong><\/p><p>Soweit auf dieser Website personenbezogene Daten (Name, Anschrift, Email-Adresse etc.) erhoben werden, geschieht dies im freiwilligen Einvernehmen mit dem Nutzer und in dessen Kenntnis. Es wird darauf hingewiesen, dass hinsichtlich der Daten\u00fcbertragung \u00fcber das Internet (z.B. bei der Kommunikation per E-Mail) keine sichere \u00dcbertragung gew\u00e4hrleistet ist. Empfindliche Daten sollten daher entweder gar nicht oder nur \u00fcber eine sichere Verbindung (SSL) \u00fcbertragen werden.<\/p><p>\u00a0<\/p><p><strong>5. Analyse-Tools<\/strong><\/p><p>Wir setzen auf unserer Website das Analysetool PostHog ein, um anonyme Nutzungsdaten zu erfassen und unser Angebot zu optimieren. Diese anonymen Daten enthalten keine personenbezogenen Informationen und erm\u00f6glichen uns keinen R\u00fcckschluss auf Ihre Identit\u00e4t. Erst nach Ihrer ausdr\u00fccklichen Zustimmung gem\u00e4\u00df Art. 6 Abs. 1 lit. a DSGVO setzen wir Tracking-Cookies ein, die eine detailliertere Analyse erm\u00f6glichen. Die Server von PostHog befinden sich in der Europ\u00e4ischen Union, was ein hohes Ma\u00df an Datenschutz gew\u00e4hrleistet. Sie k\u00f6nnen Ihre Einwilligung jederzeit widerrufen oder anpassen. Weitere Informationen finden Sie in der <a href=\"https:\/\/posthog.com\/privacy\" target=\"_new\" rel=\"noopener\">Datenschutzerkl\u00e4rung von PostHog<\/a>.<\/p>\t\t\t\t\t\t\t\t<\/div>\n\t\t\t\t<\/div>\n\t\t\t\t\t<\/div>\n\t\t<\/div>\n\t\t\t\t\t<\/div>\n\t\t<\/section>\n\t\t\t\t<\/div>\n\t\t","protected":false},"excerpt":{"rendered":"<p>Impressum \/ Datenschutz Pflichtangaben zum Impressum und zum Datenschutz DS-GVO Impressum Verantwortlich f\u00fcr die Inhalte der Website ist die VIVAI Software AGBetenstr. 13-15D-44137 DortmundFon : +49 231 914488-0Fax : +49 231 914488-88E-Mail: info@vivai.de Vorstand: Thomas Horster-M\u00f6ller, Dr. Bettina HorsterVorsitzender des Aufsichtsrats: Norbert Horster Handelsregistereintrag:Amtsgericht DortmundHRB 14851USt-IDNr. DE 18 18 57 854 Gestaltung, Realisierung &amp; technischer [&hellip;]<\/p>\n","protected":false},"author":3,"featured_media":0,"parent":0,"menu_order":0,"comment_status":"closed","ping_status":"closed","template":"elementor_header_footer","meta":{"_acf_changed":false,"footnotes":""},"class_list":["post-175","page","type-page","status-publish","hentry"],"acf":[],"yoast_head":"<!-- This site is optimized with the Yoast SEO plugin v27.0 - https:\/\/yoast.com\/product\/yoast-seo-wordpress\/ -->\n<title>VIVAIcare - Sicher und autonom leben!<\/title>\n<meta name=\"description\" content=\"L\u00e4nger selbstst\u00e4ndig und selbstbestimmt in den eigenen vier W\u00e4nden dank VIVAIcare - dem digitalen Assistenzsystem aus Deutschland\" \/>\n<meta name=\"robots\" content=\"index, follow, max-snippet:-1, max-image-preview:large, max-video-preview:-1\" \/>\n<link rel=\"canonical\" href=\"https:\/\/vivai.care\/en\/impressum\/\" \/>\n<meta property=\"og:locale\" content=\"en_US\" \/>\n<meta property=\"og:type\" content=\"article\" \/>\n<meta property=\"og:title\" content=\"VIVAIcare - Sicher und autonom leben!\" \/>\n<meta property=\"og:description\" content=\"L\u00e4nger selbstst\u00e4ndig und selbstbestimmt in den eigenen vier W\u00e4nden dank VIVAIcare - dem digitalen Assistenzsystem aus Deutschland\" \/>\n<meta property=\"og:url\" content=\"https:\/\/vivai.care\/en\/impressum\/\" \/>\n<meta property=\"og:site_name\" content=\"VIVAIcare\" \/>\n<meta property=\"article:publisher\" content=\"https:\/\/www.facebook.com\/VIVAIcare\/\" \/>\n<meta property=\"article:modified_time\" content=\"2024-09-17T13:18:47+00:00\" \/>\n<meta property=\"og:image\" content=\"https:\/\/vivai.care\/wp-content\/uploads\/2020\/04\/VIVAIcare-Logo-transparent-150dpi.png\" \/>\n\t<meta property=\"og:image:width\" content=\"794\" \/>\n\t<meta property=\"og:image:height\" content=\"223\" \/>\n\t<meta property=\"og:image:type\" content=\"image\/png\" \/>\n<meta name=\"twitter:card\" content=\"summary_large_image\" \/>\n<meta name=\"twitter:label1\" content=\"Est. reading time\" \/>\n\t<meta name=\"twitter:data1\" content=\"6 minutes\" \/>\n<script type=\"application\/ld+json\" class=\"yoast-schema-graph\">{\"@context\":\"https:\/\/schema.org\",\"@graph\":[{\"@type\":\"WebPage\",\"@id\":\"https:\/\/vivai.care\/impressum\/\",\"url\":\"https:\/\/vivai.care\/impressum\/\",\"name\":\"VIVAIcare - Sicher und autonom leben!\",\"isPartOf\":{\"@id\":\"https:\/\/vivai.care\/#website\"},\"datePublished\":\"2019-12-01T14:17:37+00:00\",\"dateModified\":\"2024-09-17T13:18:47+00:00\",\"description\":\"L\u00e4nger selbstst\u00e4ndig und selbstbestimmt in den eigenen vier W\u00e4nden dank VIVAIcare - dem digitalen Assistenzsystem aus Deutschland\",\"breadcrumb\":{\"@id\":\"https:\/\/vivai.care\/impressum\/#breadcrumb\"},\"inLanguage\":\"en-US\",\"potentialAction\":[{\"@type\":\"ReadAction\",\"target\":[\"https:\/\/vivai.care\/impressum\/\"]}]},{\"@type\":\"BreadcrumbList\",\"@id\":\"https:\/\/vivai.care\/impressum\/#breadcrumb\",\"itemListElement\":[{\"@type\":\"ListItem\",\"position\":1,\"name\":\"Startseite\",\"item\":\"https:\/\/vivai.care\/\"},{\"@type\":\"ListItem\",\"position\":2,\"name\":\"Impressum\/ Datenschutz\"}]},{\"@type\":\"WebSite\",\"@id\":\"https:\/\/vivai.care\/#website\",\"url\":\"https:\/\/vivai.care\/\",\"name\":\"VIVAIcare\",\"description\":\"L\u00e4nger, selbstbestimmt und sicher zuhause leben!\",\"publisher\":{\"@id\":\"https:\/\/vivai.care\/#organization\"},\"alternateName\":\"VIVAIcare\",\"potentialAction\":[{\"@type\":\"SearchAction\",\"target\":{\"@type\":\"EntryPoint\",\"urlTemplate\":\"https:\/\/vivai.care\/?s={search_term_string}\"},\"query-input\":{\"@type\":\"PropertyValueSpecification\",\"valueRequired\":true,\"valueName\":\"search_term_string\"}}],\"inLanguage\":\"en-US\"},{\"@type\":\"Organization\",\"@id\":\"https:\/\/vivai.care\/#organization\",\"name\":\"VIVAIcare\",\"url\":\"https:\/\/vivai.care\/\",\"logo\":{\"@type\":\"ImageObject\",\"inLanguage\":\"en-US\",\"@id\":\"https:\/\/vivai.care\/#\/schema\/logo\/image\/\",\"url\":\"https:\/\/vivai.care\/wp-content\/uploads\/2020\/04\/VIVAIcare-Logo-transparent-150dpi.png\",\"contentUrl\":\"https:\/\/vivai.care\/wp-content\/uploads\/2020\/04\/VIVAIcare-Logo-transparent-150dpi.png\",\"width\":794,\"height\":223,\"caption\":\"VIVAIcare\"},\"image\":{\"@id\":\"https:\/\/vivai.care\/#\/schema\/logo\/image\/\"},\"sameAs\":[\"https:\/\/www.facebook.com\/VIVAIcare\/\",\"https:\/\/www.instagram.com\/vivaicare\/\",\"https:\/\/www.tiktok.com\/@vivaicare\",\"https:\/\/de.linkedin.com\/company\/vivaicare\"]}]}<\/script>\n<!-- \/ Yoast SEO plugin. -->","yoast_head_json":{"title":"VIVAIcare - Sicher und autonom leben!","description":"L\u00e4nger selbstst\u00e4ndig und selbstbestimmt in den eigenen vier W\u00e4nden dank VIVAIcare - dem digitalen Assistenzsystem aus Deutschland","robots":{"index":"index","follow":"follow","max-snippet":"max-snippet:-1","max-image-preview":"max-image-preview:large","max-video-preview":"max-video-preview:-1"},"canonical":"https:\/\/vivai.care\/en\/impressum\/","og_locale":"en_US","og_type":"article","og_title":"VIVAIcare - Sicher und autonom leben!","og_description":"L\u00e4nger selbstst\u00e4ndig und selbstbestimmt in den eigenen vier W\u00e4nden dank VIVAIcare - dem digitalen Assistenzsystem aus Deutschland","og_url":"https:\/\/vivai.care\/en\/impressum\/","og_site_name":"VIVAIcare","article_publisher":"https:\/\/www.facebook.com\/VIVAIcare\/","article_modified_time":"2024-09-17T13:18:47+00:00","og_image":[{"width":794,"height":223,"url":"https:\/\/vivai.care\/wp-content\/uploads\/2020\/04\/VIVAIcare-Logo-transparent-150dpi.png","type":"image\/png"}],"twitter_card":"summary_large_image","twitter_misc":{"Est. reading time":"6 minutes"},"schema":{"@context":"https:\/\/schema.org","@graph":[{"@type":"WebPage","@id":"https:\/\/vivai.care\/impressum\/","url":"https:\/\/vivai.care\/impressum\/","name":"VIVAIcare - Sicher und autonom leben!","isPartOf":{"@id":"https:\/\/vivai.care\/#website"},"datePublished":"2019-12-01T14:17:37+00:00","dateModified":"2024-09-17T13:18:47+00:00","description":"L\u00e4nger selbstst\u00e4ndig und selbstbestimmt in den eigenen vier W\u00e4nden dank VIVAIcare - dem digitalen Assistenzsystem aus Deutschland","breadcrumb":{"@id":"https:\/\/vivai.care\/impressum\/#breadcrumb"},"inLanguage":"en-US","potentialAction":[{"@type":"ReadAction","target":["https:\/\/vivai.care\/impressum\/"]}]},{"@type":"BreadcrumbList","@id":"https:\/\/vivai.care\/impressum\/#breadcrumb","itemListElement":[{"@type":"ListItem","position":1,"name":"Startseite","item":"https:\/\/vivai.care\/"},{"@type":"ListItem","position":2,"name":"Impressum\/ Datenschutz"}]},{"@type":"WebSite","@id":"https:\/\/vivai.care\/#website","url":"https:\/\/vivai.care\/","name":"VIVAIcare","description":"L\u00e4nger, selbstbestimmt und sicher zuhause leben!","publisher":{"@id":"https:\/\/vivai.care\/#organization"},"alternateName":"VIVAIcare","potentialAction":[{"@type":"SearchAction","target":{"@type":"EntryPoint","urlTemplate":"https:\/\/vivai.care\/?s={search_term_string}"},"query-input":{"@type":"PropertyValueSpecification","valueRequired":true,"valueName":"search_term_string"}}],"inLanguage":"en-US"},{"@type":"Organization","@id":"https:\/\/vivai.care\/#organization","name":"VIVAIcare","url":"https:\/\/vivai.care\/","logo":{"@type":"ImageObject","inLanguage":"en-US","@id":"https:\/\/vivai.care\/#\/schema\/logo\/image\/","url":"https:\/\/vivai.care\/wp-content\/uploads\/2020\/04\/VIVAIcare-Logo-transparent-150dpi.png","contentUrl":"https:\/\/vivai.care\/wp-content\/uploads\/2020\/04\/VIVAIcare-Logo-transparent-150dpi.png","width":794,"height":223,"caption":"VIVAIcare"},"image":{"@id":"https:\/\/vivai.care\/#\/schema\/logo\/image\/"},"sameAs":["https:\/\/www.facebook.com\/VIVAIcare\/","https:\/\/www.instagram.com\/vivaicare\/","https:\/\/www.tiktok.com\/@vivaicare","https:\/\/de.linkedin.com\/company\/vivaicare"]}]}},"_links":{"self":[{"href":"https:\/\/vivai.care\/en\/wp-json\/wp\/v2\/pages\/175","targetHints":{"allow":["GET"]}}],"collection":[{"href":"https:\/\/vivai.care\/en\/wp-json\/wp\/v2\/pages"}],"about":[{"href":"https:\/\/vivai.care\/en\/wp-json\/wp\/v2\/types\/page"}],"author":[{"embeddable":true,"href":"https:\/\/vivai.care\/en\/wp-json\/wp\/v2\/users\/3"}],"replies":[{"embeddable":true,"href":"https:\/\/vivai.care\/en\/wp-json\/wp\/v2\/comments?post=175"}],"version-history":[{"count":0,"href":"https:\/\/vivai.care\/en\/wp-json\/wp\/v2\/pages\/175\/revisions"}],"wp:attachment":[{"href":"https:\/\/vivai.care\/en\/wp-json\/wp\/v2\/media?parent=175"}],"curies":[{"name":"wp","href":"https:\/\/api.w.org\/{rel}","templated":true}]}}